{"id":95,"date":"2015-07-22T07:25:45","date_gmt":"2015-07-22T07:25:45","guid":{"rendered":"http:\/\/discordia.home.pl\/autoinstalator\/wordpress\/?page_id=95"},"modified":"2015-09-30T11:15:39","modified_gmt":"2015-09-30T09:15:39","slug":"lektoraty-specjalistyczne","status":"publish","type":"page","link":"https:\/\/www.cityschool.pl\/?page_id=95","title":{"rendered":"BUSINESS ENGLISH"},"content":{"rendered":"<h3 style=\"text-align: justify;\"><strong><br \/>\nDLACZEGO BUSINESS ENGLISH?<\/strong><\/h3>\n<p style=\"text-align: justify;\">To kurs nastawiony w du\u017cej cz\u0119\u00b6ci na rozwijanie i \u0107wiczenie <strong>umiej\u0119tno\u00b6ci komunikacyjnych w \u00b6rodowisku biznesowym<\/strong>, przeznaczony zar\u00f3wno dla <strong>os\u00f3b prowadz\u00b1cych w\u0142asn\u00b1 dzia\u0142alno\u00b6\u0107<\/strong>, jak i dla <strong>pracownik\u00f3w firm<\/strong> wsp\u00f3\u0142pracuj\u00b1cych z klientami, lub partnerami <strong>zagranicznymi<\/strong>.<\/p>\n<p style=\"text-align: justify;\">Jest on tak\u017ce doskona\u0142\u00b1 okazj\u00b1 <strong>dla os\u00f3b poszukuj\u00b1cych nowej pracy<\/strong> oraz <strong>student\u00f3w<\/strong> ? nabyte umiej\u0119tno\u00b6ci u\u0142atwi\u00b1 zrobienie dobrego wra\u017cenia podczas rozmowy o prac\u0119 w j\u0119zyku angielskim. Nale\u017cy tak\u017ce pami\u0119ta\u0107, \u017ce nawet rozmowy prowadzone w j\u0119zyku polskim cz\u0119sto zawieraj\u00b1 fragment maj\u00b1cy na celu zweryfikowanie <strong>umiej\u0119tno\u00b6ci j\u0119zykowych przysz\u0142ego pracownika<\/strong>.<\/p>\n<p><img loading=\"lazy\" decoding=\"async\" class=\"alignnone wp-image-311\" src=\"http:\/\/discordia.home.pl\/autoinstalator\/wordpress\/wp-content\/uploads\/2015\/07\/Fotolia_79288315_Subscription_Monthly_M-300x200.jpg\" alt=\"Brainstorming\" width=\"450\" height=\"300\" \/><\/p>\n<h3 style=\"text-align: justify;\"><strong>TEMATYKA i PODR\u0118CZNIK<\/strong><\/h3>\n<p style=\"text-align: justify;\">W przeciwie\u0144stwie do pozosta\u0142ych naszych kurs\u00f3w, tematyka zaj\u0119\u0107 jest zwi\u00b1zana \u00b6ci\u00b6le ze <strong>\u00b6rodowiskiem pracy<\/strong>. Kurs jest prowadzony w oparciu o podr\u0119cznik <strong>Business Result<\/strong> wydawnictwa <strong>Oxford University<\/strong> <strong>Press<\/strong>, kt\u00f3ry zawiera szeroki wyb\u00f3r materia\u0142\u00f3w zwi\u00b1zanych z najwa\u017cniejszymi aspektami dzia\u0142alno\u00b6ci ka\u017cdej firmy, takimi jak: <strong>reklama, sprzeda\u017c, komunikacja z klientami, rozmowy z dostawcami, komunikacja<\/strong> pomi\u0119dzy pracownikami wewn\u00b1trz firmy.<\/p>\n<h3 style=\"text-align: justify;\"><strong>CENA KURSU<\/strong><\/h3>\n<p style=\"text-align: justify;\">Kurs Business English oferujemy naszym s\u0142uchaczom w cenie <strong>949 z\u0142 za 60 godzin<\/strong> lekcyjnych nauki w <strong>grupach od 5 do 8 os\u00f3b<\/strong>.<br \/>\nDodatkowo uczestnicy kursu otrzymuj\u00b1 mo\u017cliwo\u00b6\u0107 udzia\u0142u w <strong>20 godzinach<\/strong> lekcyjnych <strong>darmowych<\/strong> <strong>konwersacji.<\/strong><\/p>\n","protected":false},"excerpt":{"rendered":"<p>DLACZEGO BUSINESS ENGLISH? To kurs nastawiony w du\u017cej cz\u0119\u00b6ci na rozwijanie i \u0107wiczenie umiej\u0119tno\u00b6ci komunikacyjnych w \u00b6rodowisku biznesowym, przeznaczony zar\u00f3wno dla os\u00f3b prowadz\u00b1cych w\u0142asn\u00b1 dzia\u0142alno\u00b6\u0107, jak i dla pracownik\u00f3w firm wsp\u00f3\u0142pracuj\u00b1cych z klientami, lub partnerami zagranicznymi. Jest on tak\u017ce doskona\u0142\u00b1 okazj\u00b1 dla os\u00f3b poszukuj\u00b1cych nowej pracy oraz student\u00f3w ? nabyte umiej\u0119tno\u00b6ci u\u0142atwi\u00b1 zrobienie dobrego wra\u017cenia [&hellip;]<\/p>\n","protected":false},"author":1,"featured_media":0,"parent":0,"menu_order":0,"comment_status":"closed","ping_status":"closed","template":"","meta":{"footnotes":""},"class_list":["post-95","page","type-page","status-publish","hentry"],"_links":{"self":[{"href":"https:\/\/www.cityschool.pl\/index.php?rest_route=\/wp\/v2\/pages\/95","targetHints":{"allow":["GET"]}}],"collection":[{"href":"https:\/\/www.cityschool.pl\/index.php?rest_route=\/wp\/v2\/pages"}],"about":[{"href":"https:\/\/www.cityschool.pl\/index.php?rest_route=\/wp\/v2\/types\/page"}],"author":[{"embeddable":true,"href":"https:\/\/www.cityschool.pl\/index.php?rest_route=\/wp\/v2\/users\/1"}],"replies":[{"embeddable":true,"href":"https:\/\/www.cityschool.pl\/index.php?rest_route=%2Fwp%2Fv2%2Fcomments&post=95"}],"version-history":[{"count":8,"href":"https:\/\/www.cityschool.pl\/index.php?rest_route=\/wp\/v2\/pages\/95\/revisions"}],"predecessor-version":[{"id":526,"href":"https:\/\/www.cityschool.pl\/index.php?rest_route=\/wp\/v2\/pages\/95\/revisions\/526"}],"wp:attachment":[{"href":"https:\/\/www.cityschool.pl\/index.php?rest_route=%2Fwp%2Fv2%2Fmedia&parent=95"}],"curies":[{"name":"wp","href":"https:\/\/api.w.org\/{rel}","templated":true}]}}