{"id":88,"date":"2015-07-22T07:22:46","date_gmt":"2015-07-22T07:22:46","guid":{"rendered":"http:\/\/discordia.home.pl\/autoinstalator\/wordpress\/?page_id=88"},"modified":"2015-09-30T11:20:22","modified_gmt":"2015-09-30T09:20:22","slug":"grupy-zorganizowane","status":"publish","type":"page","link":"https:\/\/www.cityschool.pl\/?page_id=88","title":{"rendered":"GRUPY ZORGANIZOWANE"},"content":{"rendered":"<p style=\"text-align: justify;\">Znajomo\u00b6\u0107 j\u0119zyk\u00f3w obcych jest niezb\u0119dna do w\u0142a\u00b6ciwej komunikacji w biznesie. Szkolenie i rozw\u00f3j pracownik\u00f3w przek\u0142ada si\u0119 bezpo\u00b6rednio na wzrost wydajno\u00b6ci firmy.\u00a0<strong>Wychodzimy naprzeciw oczekiwaniom pracodawc\u00f3w.<\/strong><\/p>\n<p style=\"text-align: justify;\">Proponujemy Pa\u0144stwu profesjonalne szkolenia j\u0119zykowe w dowolnie przez Pa\u0144stwa wybranym j\u0119zyku obcym.<\/p>\n<p style=\"text-align: justify;\">Nasza oferta to:<\/p>\n<ul>\n<li style=\"text-align: justify;\"><strong>og\u00f3lny kurs j\u0119zyka obcego wzbogacony o terminologi\u0119 bran\u017cow\u00b1<\/strong>, dostosowan\u00b1 do Pa\u0144stwa potrzeb<\/li>\n<li style=\"text-align: justify;\">kursy i egzaminy po\u0142\u00b1czone z wydaniem certyfikat\u00f3w: <strong>TELC,<\/strong> <strong>LCCI, TOEIC<\/strong><\/li>\n<li style=\"text-align: justify;\"><strong> specjalistyczne szkolenia j\u0119zykowe<\/strong>: medycyna, informatyka, architektura, prawo, finanse, handel, zarz\u00b1dzanie, biuro, hotelarstwo, gastronomia<\/li>\n<\/ul>\n<p>&nbsp;<\/p>\n<p style=\"text-align: left;\"><img loading=\"lazy\" decoding=\"async\" class=\"wp-image-380 alignright\" src=\"http:\/\/www.cityschool.pl\/wp-content\/uploads\/2015\/07\/cropped-Fotolia_65452033_Subscription_Monthly_M1.jpg\" alt=\"cropped-Fotolia_65452033_Subscription_Monthly_M1.jpg\" width=\"450\" height=\"300\" srcset=\"https:\/\/www.cityschool.pl\/wp-content\/uploads\/2015\/07\/cropped-Fotolia_65452033_Subscription_Monthly_M1.jpg 1340w, https:\/\/www.cityschool.pl\/wp-content\/uploads\/2015\/07\/cropped-Fotolia_65452033_Subscription_Monthly_M1-300x200.jpg 300w, https:\/\/www.cityschool.pl\/wp-content\/uploads\/2015\/07\/cropped-Fotolia_65452033_Subscription_Monthly_M1-1024x682.jpg 1024w, https:\/\/www.cityschool.pl\/wp-content\/uploads\/2015\/07\/cropped-Fotolia_65452033_Subscription_Monthly_M1-272x182.jpg 272w\" sizes=\"auto, (max-width: 450px) 100vw, 450px\" \/><\/p>\n","protected":false},"excerpt":{"rendered":"<p>Znajomo\u00b6\u0107 j\u0119zyk\u00f3w obcych jest niezb\u0119dna do w\u0142a\u00b6ciwej komunikacji w biznesie. Szkolenie i rozw\u00f3j pracownik\u00f3w przek\u0142ada si\u0119 bezpo\u00b6rednio na wzrost wydajno\u00b6ci firmy.\u00a0Wychodzimy naprzeciw oczekiwaniom pracodawc\u00f3w. Proponujemy Pa\u0144stwu profesjonalne szkolenia j\u0119zykowe w dowolnie przez Pa\u0144stwa wybranym j\u0119zyku obcym. Nasza oferta to: og\u00f3lny kurs j\u0119zyka obcego wzbogacony o terminologi\u0119 bran\u017cow\u00b1, dostosowan\u00b1 do Pa\u0144stwa potrzeb kursy i egzaminy po\u0142\u00b1czone [&hellip;]<\/p>\n","protected":false},"author":1,"featured_media":0,"parent":0,"menu_order":0,"comment_status":"closed","ping_status":"closed","template":"","meta":{"footnotes":""},"class_list":["post-88","page","type-page","status-publish","hentry"],"_links":{"self":[{"href":"https:\/\/www.cityschool.pl\/index.php?rest_route=\/wp\/v2\/pages\/88","targetHints":{"allow":["GET"]}}],"collection":[{"href":"https:\/\/www.cityschool.pl\/index.php?rest_route=\/wp\/v2\/pages"}],"about":[{"href":"https:\/\/www.cityschool.pl\/index.php?rest_route=\/wp\/v2\/types\/page"}],"author":[{"embeddable":true,"href":"https:\/\/www.cityschool.pl\/index.php?rest_route=\/wp\/v2\/users\/1"}],"replies":[{"embeddable":true,"href":"https:\/\/www.cityschool.pl\/index.php?rest_route=%2Fwp%2Fv2%2Fcomments&post=88"}],"version-history":[{"count":7,"href":"https:\/\/www.cityschool.pl\/index.php?rest_route=\/wp\/v2\/pages\/88\/revisions"}],"predecessor-version":[{"id":531,"href":"https:\/\/www.cityschool.pl\/index.php?rest_route=\/wp\/v2\/pages\/88\/revisions\/531"}],"wp:attachment":[{"href":"https:\/\/www.cityschool.pl\/index.php?rest_route=%2Fwp%2Fv2%2Fmedia&parent=88"}],"curies":[{"name":"wp","href":"https:\/\/api.w.org\/{rel}","templated":true}]}}