{"id":79,"date":"2015-07-14T13:23:48","date_gmt":"2015-07-14T13:23:48","guid":{"rendered":"http:\/\/discordia.home.pl\/autoinstalator\/wordpress\/?page_id=79"},"modified":"2017-10-10T17:02:23","modified_gmt":"2017-10-10T15:02:23","slug":"projekty-badawcze","status":"publish","type":"page","link":"https:\/\/www.cityschool.pl\/?page_id=79","title":{"rendered":"PROJEKTY BADAWCZE"},"content":{"rendered":"<p>Narodowe Centrum Bada\u0144 i Rozwoju og\u0142osi\u0142o nab\u00f3r wniosk\u00f3w na dofinansowanie projekt\u00f3w w ramach Dzia\u0142ania 1.1 ?Projekty B+R przedsi\u0119biorstw?, Poddzia\u0142anie 1.1.1 ?Badania przemys\u0142owe i prace rozwojowe realizowane przez przedsi\u0119biorstwa? Programu Inteligentny Rozw\u00f3j.<\/p>\n<p>Informacje o naborze:<br \/>\n&#8211; Termin rozstrzygni\u0119cia konkursu<br \/>\nok. 60 dni od ko\u0144ca miesi\u00b1ca kalendarzowego, w kt\u00f3rym wp\u0142yn\u00b1\u0142 wniosek w przypadku wp\u0142ywu du\u017cej liczby wniosk\u00f3w o dofinansowanie w ramach danego etapu konkursu, okres ten mo\u017ce ulec wyd\u0142u\u017ceniu.<br \/>\nMiejsce sk\u0142adania wniosk\u00f3w<br \/>\nWniosek o dofinansowanie projektu mo\u017cna sk\u0142ada\u0107 wy\u0142\u00b1cznie w wersji elektronicznej za po\u00b6rednictwem systemu Narodowego Centrum Bada\u0144 i Rozwoju. System jest aktywny od 4 maja 2015 r.<br \/>\n&#8211; Na co i kto mo\u017ce sk\u0142ada\u0107 wnioski?<br \/>\n<em>Kto mo\u017ce sk\u0142ada\u0107 wnioski?<\/em><br \/>\nO dofinansowanie mog\u00b1 ubiega\u0107 si\u0119 wy\u0142\u00b1cznie podmioty spe\u0142niaj\u00b1ce kryteria mikro-, ma\u0142ego lub \u00b6redniego przedsi\u0119biorcy.<br \/>\n<em>Na co mo\u017cna otrzyma\u0107 dofinansowanie?<\/em><br \/>\nNa badania przemys\u0142owe i prace rozwojowe albo prace rozwojowe (projekty, w kt\u00f3rych nie przewidziano prac rozwojowych nie mog\u00b1 uzyska\u0107 dofinansowania).<\/p>\n<p>&#8211; Finanse<br \/>\nMaksymalny dopuszczalny poziom dofinansowania projektu<br \/>\nMaksymalna warto\u00b6\u0107 dofinansowania (udzielonej pomocy publicznej) nie mo\u017ce przekroczy\u0107 dla przedsi\u0119biorstwa na jeden projekt 20 mln euro ? je\u017celi projekt obejmuje g\u0142\u00f3wnie badania przemys\u0142owe lub 15 mln euro ? je\u017celi projekt obejmuje g\u0142\u00f3wnie prace rozwojowe. Ca\u0142kowita warto\u00b6\u0107 koszt\u00f3w kwalifikowanych projektu nie mo\u017ce przekroczy\u0107 50 mln euro.<br \/>\nOg\u00f3lna pula \u00b6rodk\u00f3w przeznaczona na dofinansowanie projekt\u00f3w<br \/>\n1 600 000 000 z\u0142, w tym dla projekt\u00f3w zlokalizowanych w wojew\u00f3dztwie mazowieckim &#8211; 140 000 000 z\u0142, a dla projekt\u00f3w zlokalizowanych w pozosta\u0142ych wojew\u00f3dztwach 1 460 000 000 z\u0142.<br \/>\n<strong>Proponujemy realizacj\u0119 projektu w nast\u0119puj\u00b1cych etapach:<\/strong><br \/>\n&#8211; Napisanie wniosku o dofinansowanie,<br \/>\n&#8211; Wsp\u00f3\u0142prac\u0119 na zasadzie partnerstwa (CITYSCHOOL SP ZOO ? Lider ):<\/p>\n<p><strong>Co dajemy:<\/strong><br \/>\n-Napisanie wniosku aplikacyjnego w partnerstwie ( w tym rejestracja w generatorze, rozeznanie czy dany pomys\u0142\/projekt kwalifikuje si\u0119 do danego programu, jaki jest poziom dofinansowania, jaka jest perspektywa czasowa realizacji)<br \/>\n&#8211; Reprezentowanie i odpowiedzialno\u00b6\u0107 za prawid\u0142owe prowadzenie projektu<br \/>\n&#8211; Rozliczenie projektu<br \/>\n&#8211; Prawid\u0142owe zamkni\u0119cie<\/p>\n<p><strong>Korzy\u00b6ci dla Partnera:<\/strong><br \/>\n&#8211; Dofinansowanie bada\u0144 80% i prac rozwojowych na poziomie 60%<br \/>\n&#8211; Promocja wynik\u00f3w bada\u0144<\/p>\n<p><strong>Wk\u0142ad w\u0142asny:<\/strong><br \/>\n20% warto\u00b6ci projektu<\/p>\n","protected":false},"excerpt":{"rendered":"<p>Narodowe Centrum Bada\u0144 i Rozwoju og\u0142osi\u0142o nab\u00f3r wniosk\u00f3w na dofinansowanie projekt\u00f3w w ramach Dzia\u0142ania 1.1 ?Projekty B+R przedsi\u0119biorstw?, Poddzia\u0142anie 1.1.1 ?Badania przemys\u0142owe i prace rozwojowe realizowane przez przedsi\u0119biorstwa? Programu Inteligentny Rozw\u00f3j. Informacje o naborze: &#8211; Termin rozstrzygni\u0119cia konkursu ok. 60 dni od ko\u0144ca miesi\u00b1ca kalendarzowego, w kt\u00f3rym wp\u0142yn\u00b1\u0142 wniosek w przypadku wp\u0142ywu du\u017cej liczby wniosk\u00f3w [&hellip;]<\/p>\n","protected":false},"author":1,"featured_media":0,"parent":0,"menu_order":0,"comment_status":"closed","ping_status":"closed","template":"","meta":{"footnotes":""},"class_list":["post-79","page","type-page","status-publish","hentry"],"_links":{"self":[{"href":"https:\/\/www.cityschool.pl\/index.php?rest_route=\/wp\/v2\/pages\/79","targetHints":{"allow":["GET"]}}],"collection":[{"href":"https:\/\/www.cityschool.pl\/index.php?rest_route=\/wp\/v2\/pages"}],"about":[{"href":"https:\/\/www.cityschool.pl\/index.php?rest_route=\/wp\/v2\/types\/page"}],"author":[{"embeddable":true,"href":"https:\/\/www.cityschool.pl\/index.php?rest_route=\/wp\/v2\/users\/1"}],"replies":[{"embeddable":true,"href":"https:\/\/www.cityschool.pl\/index.php?rest_route=%2Fwp%2Fv2%2Fcomments&post=79"}],"version-history":[{"count":4,"href":"https:\/\/www.cityschool.pl\/index.php?rest_route=\/wp\/v2\/pages\/79\/revisions"}],"predecessor-version":[{"id":6804,"href":"https:\/\/www.cityschool.pl\/index.php?rest_route=\/wp\/v2\/pages\/79\/revisions\/6804"}],"wp:attachment":[{"href":"https:\/\/www.cityschool.pl\/index.php?rest_route=%2Fwp%2Fv2%2Fmedia&parent=79"}],"curies":[{"name":"wp","href":"https:\/\/api.w.org\/{rel}","templated":true}]}}