{"id":2103,"date":"2017-03-21T11:35:34","date_gmt":"2017-03-21T10:35:34","guid":{"rendered":"http:\/\/www.cityschool.pl\/?page_id=2103"},"modified":"2017-03-23T12:48:55","modified_gmt":"2017-03-23T11:48:55","slug":"logistyka-w-transporcie","status":"publish","type":"page","link":"https:\/\/www.cityschool.pl\/?page_id=2103","title":{"rendered":"LOGISTYKA W TRANSPORCIE"},"content":{"rendered":"<p>Dzia\u0142 Logistyka w transporcie ma na celu uporz\u00b1dkowanie i nabycie wiedzy w zakresie logistyki i spedycji krajowej i mi\u0119dzynarodowej.<\/p>\n<p>Proponujemy zaj\u0119cia z zakresu:<\/p>\n<p>&nbsp;<\/p>\n<p><a href=\"http:\/\/www.cityschool.pl\/wp-content\/uploads\/2017\/03\/Pixmac000090043004.jpg\"><img loading=\"lazy\" decoding=\"async\" class=\"alignright size-full wp-image-2428\" src=\"http:\/\/www.cityschool.pl\/wp-content\/uploads\/2017\/03\/Pixmac000090043004.jpg\" alt=\"man and woman working with virtual touch screens\" height=\"4850\" width=\"5495\" srcset=\"https:\/\/www.cityschool.pl\/wp-content\/uploads\/2017\/03\/Pixmac000090043004.jpg 5495w, https:\/\/www.cityschool.pl\/wp-content\/uploads\/2017\/03\/Pixmac000090043004-300x265.jpg 300w, https:\/\/www.cityschool.pl\/wp-content\/uploads\/2017\/03\/Pixmac000090043004-1024x904.jpg 1024w\" sizes=\"auto, (max-width: 5495px) 100vw, 5495px\" \/><\/a><\/p>\n<p><strong>Organizacja i koordynowanie transportu w ma\u0142ych i \u00b6rednich przedsi\u0119biorstwach<\/strong> (szkolenie 8h) &#8211; Szkolenie skierowane jest do pracownik\u00f3w administracji&nbsp; i dzia\u0142\u00f3w handlowych w ma\u0142ych i \u00b6rednich przedsi\u0119biorstwach, kt\u00f3re w swoim zespole nie posiadaj\u00b1 wykwalifikowanego pracownika.<\/p>\n<p><strong>Spedycja Materia\u0142\u00f3w Sypkich<\/strong> (szkolenie 8h) &#8211; Szkolenie skierowane do firm transportowo spedycyjnych, kt\u00f3re chc\u00b1 poszerzy\u0107 swoj\u00b1 ofert\u0119, lub poszukuj\u00b1 nowych kierunk\u00f3w rozwoju.<\/p>\n<p><strong>Spedytor drogowy zaw\u00f3d dla ka\u017cdego<\/strong> (szkolenie 8h) &#8211; Szkolenie skierowane do os\u00f3b szukaj\u00b1cych zatrudnienia w ciekawej bran\u017cy oraz zainteresowanych zmian\u00b1 dotychczasowego zawodu.<\/p>\n","protected":false},"excerpt":{"rendered":"<p>Dzia\u0142 Logistyka w transporcie ma na celu uporz\u00b1dkowanie i nabycie wiedzy w zakresie logistyki i spedycji krajowej i mi\u0119dzynarodowej. Proponujemy zaj\u0119cia z zakresu: &nbsp; Organizacja i koordynowanie transportu w ma\u0142ych i \u00b6rednich przedsi\u0119biorstwach (szkolenie 8h) &#8211; Szkolenie skierowane jest do pracownik\u00f3w administracji&nbsp; i dzia\u0142\u00f3w handlowych w ma\u0142ych i \u00b6rednich przedsi\u0119biorstwach, kt\u00f3re w swoim zespole nie [&hellip;]<\/p>\n","protected":false},"author":1,"featured_media":0,"parent":0,"menu_order":0,"comment_status":"closed","ping_status":"closed","template":"","meta":{"footnotes":""},"class_list":["post-2103","page","type-page","status-publish","hentry"],"_links":{"self":[{"href":"https:\/\/www.cityschool.pl\/index.php?rest_route=\/wp\/v2\/pages\/2103","targetHints":{"allow":["GET"]}}],"collection":[{"href":"https:\/\/www.cityschool.pl\/index.php?rest_route=\/wp\/v2\/pages"}],"about":[{"href":"https:\/\/www.cityschool.pl\/index.php?rest_route=\/wp\/v2\/types\/page"}],"author":[{"embeddable":true,"href":"https:\/\/www.cityschool.pl\/index.php?rest_route=\/wp\/v2\/users\/1"}],"replies":[{"embeddable":true,"href":"https:\/\/www.cityschool.pl\/index.php?rest_route=%2Fwp%2Fv2%2Fcomments&post=2103"}],"version-history":[{"count":9,"href":"https:\/\/www.cityschool.pl\/index.php?rest_route=\/wp\/v2\/pages\/2103\/revisions"}],"predecessor-version":[{"id":2392,"href":"https:\/\/www.cityschool.pl\/index.php?rest_route=\/wp\/v2\/pages\/2103\/revisions\/2392"}],"wp:attachment":[{"href":"https:\/\/www.cityschool.pl\/index.php?rest_route=%2Fwp%2Fv2%2Fmedia&parent=2103"}],"curies":[{"name":"wp","href":"https:\/\/api.w.org\/{rel}","templated":true}]}}