{"id":2,"date":"2015-05-07T05:24:08","date_gmt":"2015-05-07T05:24:08","guid":{"rendered":"http:\/\/localhost\/wordpress\/?page_id=2"},"modified":"2025-10-04T22:49:30","modified_gmt":"2025-10-04T20:49:30","slug":"sample-page","status":"publish","type":"page","link":"https:\/\/www.cityschool.pl\/","title":{"rendered":"O nas"},"content":{"rendered":"<div id=\"metaslider-id-377\" style=\"width: 100%; margin: 0 auto;\" class=\"ml-slider-3-102-0 metaslider metaslider-flex metaslider-377 ml-slider has-carousel-mode ms-theme-default nav-hidden\" role=\"region\" aria-label=\"Nag\u0142\u00f3wkowe\" data-height=\"300\" data-width=\"700\">\n    <div id=\"metaslider_container_377\">\n        <div id=\"metaslider_377\">\n            <ul class='slides'>\n                <li style=\"display: none; width: 100%;\" class=\"slide-311 ms-image \" aria-roledescription=\"slide\" data-date=\"2015-08-30 09:17:48\" data-slide-type=\"image\"><img loading=\"lazy\" decoding=\"async\" src=\"https:\/\/www.cityschool.pl\/wp-content\/uploads\/2015\/07\/Fotolia_79288315_Subscription_Monthly_M-e1442401890988-600x257.jpg\" height=\"300\" width=\"700\" alt=\"\" class=\"slider-377 slide-311 msDefaultImage\" \/><\/li>\n                <li style=\"display: none; width: 100%;\" class=\"slide-271 ms-image \" aria-roledescription=\"slide\" data-date=\"2015-08-18 13:16:06\" data-slide-type=\"image\"><img loading=\"lazy\" decoding=\"async\" src=\"https:\/\/www.cityschool.pl\/wp-content\/uploads\/2015\/07\/Fotolia_78218428_Subscription_Monthly_M-700x300.jpg\" height=\"300\" width=\"700\" alt=\"\" class=\"slider-377 slide-271 msDefaultImage\" \/><\/li>\n                <li style=\"display: none; width: 100%;\" class=\"slide-304 ms-image \" aria-roledescription=\"slide\" data-date=\"2015-08-28 16:18:28\" data-slide-type=\"image\"><img loading=\"lazy\" decoding=\"async\" src=\"https:\/\/www.cityschool.pl\/wp-content\/uploads\/2015\/07\/Fotolia_65452033_Subscription_Monthly_M1-700x300.jpg\" height=\"300\" width=\"700\" alt=\"\" class=\"slider-377 slide-304 msDefaultImage\" \/><\/li>\n                <li style=\"display: none; width: 100%;\" class=\"slide-299 ms-image \" aria-roledescription=\"slide\" data-date=\"2015-08-28 15:35:23\" data-slide-type=\"image\"><img loading=\"lazy\" decoding=\"async\" src=\"https:\/\/www.cityschool.pl\/wp-content\/uploads\/2015\/07\/Fotolia_85119721_Subscription_Monthly_M-700x300.jpg\" height=\"300\" width=\"700\" alt=\"\" class=\"slider-377 slide-299 msDefaultImage\" \/><\/li>\n            <\/ul>\n        <\/div>\n        \n    <\/div>\n<\/div>\n\n\n\n<div style=\"height:54px\" aria-hidden=\"true\" class=\"wp-block-spacer\"><\/div>\n\n\n\n<div class=\"wp-block-columns is-layout-flex wp-container-core-columns-is-layout-9d6595d7 wp-block-columns-is-layout-flex\">\n<div class=\"wp-block-column is-vertically-aligned-center is-layout-flow wp-block-column-is-layout-flow\" style=\"flex-basis:50%\">\n<figure class=\"wp-block-image size-full is-resized\"><a href=\"https:\/\/www.cityschool.pl\/wp-content\/uploads\/2015\/05\/logo-cityschool-color.png\"><img loading=\"lazy\" decoding=\"async\" width=\"372\" height=\"411\" src=\"https:\/\/www.cityschool.pl\/wp-content\/uploads\/2015\/05\/logo-cityschool-color.png\" alt=\"\" class=\"wp-image-109\" style=\"width:230px;height:auto\" srcset=\"https:\/\/www.cityschool.pl\/wp-content\/uploads\/2015\/05\/logo-cityschool-color.png 372w, https:\/\/www.cityschool.pl\/wp-content\/uploads\/2015\/05\/logo-cityschool-color-272x300.png 272w\" sizes=\"auto, (max-width: 372px) 100vw, 372px\" \/><\/a><\/figure>\n<\/div>\n\n\n\n<div class=\"wp-block-column is-vertically-aligned-center is-layout-flow wp-block-column-is-layout-flow\" style=\"flex-basis:50%\">\n\n\n<p><strong>CITYSCHOOL stawia na:<\/strong><\/p>\n\n\n\n<ul>\n<li>Bliski i sta\u0142y kontakt ze s\u0142uchaczem<\/li>\n<li>Oparcie kszta\u0142cenia o sprawdzon\u0105 i wysoko kwalifikowan\u0105 kadr\u0119<\/li>\n<li>Przemy\u015blane wdra\u017canie nowoczesnych metod dydaktycznych<\/li>\n<\/ul>\n\n\n<\/div>\n<\/div>\n\n\n\n<div id=\"pl-2\" class=\"panel-layout\">\n<div id=\"pg-2-0\" class=\"panel-grid panel-no-style\">\n<div id=\"pgc-2-0-0\" class=\"panel-grid-cell\" data-weight=\"1\">\n<div id=\"panel-2-0-0-0\" class=\"so-panel widget widget_black-studio-tinymce widget_black_studio_tinymce panel-first-child panel-last-child\" data-index=\"0\" data-style=\"{&quot;background_image_attachment&quot;:false,&quot;background_display&quot;:&quot;tile&quot;}\">\n<figure><span style=\"font-size: revert; color: initial;\">Prowadzimy szkolenia i doradztwo w zakresie:<\/span><\/figure>\n<\/div>\n<\/div>\n<\/div>\n<div id=\"pg-2-1\" class=\"panel-grid panel-no-style\">\n<div id=\"pgc-2-1-0\" class=\"panel-grid-cell\" data-weight=\"0.5\">\n<div id=\"panel-2-1-0-0\" class=\"so-panel widget widget_black-studio-tinymce widget_black_studio_tinymce panel-first-child panel-last-child\" data-index=\"1\" data-style=\"{&quot;background_display&quot;:&quot;tile&quot;}\">\n<div class=\"textwidget\">\n<p><strong>PRAWO<\/strong> (prawo autorskie, prawo budowlane, prawo celne, prawo cz\u0142owieka, prawo dziecka, prawo energetyczne, prawo konstytucyjne, prawo konflikt\u00f3w zbrojnych, prawo medyczne, prawo mi\u0119dzynarodowe, prawo o ruchu drogowym, prawo ochrony \u00b6rodowiska, prawo podatkowe)<\/p>\n<p><strong>FINANSE<\/strong> (publiczne i przedsi\u0119biorstw)<\/p>\n<p><strong>BEZPIECZE\u0143STWO i PROFILAKTYKA ZAGRO\u017bE\u0143<\/strong><\/p>\n<p><strong>KOMPETENCJE MI\u0118KKIE<\/strong> (komunikacja, asertywno\u00b6\u0107, egzekwowanie i konstruktywna krytyka w pracy, wywieranie wp\u0142ywu, perswazj\u00b1)<\/p>\n<p><strong>ZARZ\u02c7DZANIE<\/strong> (zarz\u00b1dzanie czasem, zarz\u00b1dzanie zmian\u00b1, zarz\u00b1dzanie zespo\u0142em, zarz\u00b1dzanie ryzykiem, zarz\u00b1dzanie informacj\u00b1)<\/p>\n<\/div>\n<\/div>\n<\/div>\n<div id=\"pgc-2-1-1\" class=\"panel-grid-cell\" data-weight=\"0.5\">\n<div id=\"panel-2-1-1-0\" class=\"so-panel widget widget_black-studio-tinymce widget_black_studio_tinymce panel-first-child panel-last-child\" data-index=\"2\" data-style=\"{&quot;background_display&quot;:&quot;tile&quot;}\">\n<div class=\"textwidget\">\n<p><strong>ZAAWANSOWANE WYSZUKIWANIE INFORMACJI<\/strong><\/p>\n<p><strong>SZKOLENIA SPRZEDA\u017bOWE BRAN\u017bOWE<\/strong> (bran\u017ca medyczna, bran\u017ca mleczarska,\u00a0 bran\u017ca mi\u0119sna, bran\u017ca budowlana, bran\u017ca IT)<\/p>\n<p><strong>SPRZEDA\u017b US\u0141UG<\/strong><\/p>\n<p><strong>SZKOLENIA DLA HANDLOWC\u00d3W, MENED\u017bER\u00d3W,<\/strong><\/p>\n<p><strong>ZESPO\u0141\u00d3W SPRZEDA\u017bOWYCH<br \/><\/strong><\/p>\n<p><strong>GRY SYMULACYJNE<\/strong><\/p>\n<\/div>\n<\/div>\n<\/div>\n<\/div>\n<\/div>\n\n\n","protected":false},"excerpt":{"rendered":"<p>CITYSCHOOL stawia na: Bliski i sta\u0142y kontakt ze s\u0142uchaczem Oparcie kszta\u0142cenia o sprawdzon\u0105 i wysoko kwalifikowan\u0105 kadr\u0119 Przemy\u015blane wdra\u017canie nowoczesnych metod dydaktycznych Prowadzimy szkolenia i doradztwo w zakresie: PRAWO (prawo autorskie, prawo budowlane, prawo celne, prawo cz\u0142owieka, prawo dziecka, prawo energetyczne, prawo konstytucyjne, prawo konflikt\u00f3w zbrojnych, prawo medyczne, prawo mi\u0119dzynarodowe, prawo o ruchu drogowym, prawo [&hellip;]<\/p>\n","protected":false},"author":1,"featured_media":6,"parent":0,"menu_order":0,"comment_status":"closed","ping_status":"open","template":"","meta":{"footnotes":""},"class_list":["post-2","page","type-page","status-publish","has-post-thumbnail","hentry"],"_links":{"self":[{"href":"https:\/\/www.cityschool.pl\/index.php?rest_route=\/wp\/v2\/pages\/2","targetHints":{"allow":["GET"]}}],"collection":[{"href":"https:\/\/www.cityschool.pl\/index.php?rest_route=\/wp\/v2\/pages"}],"about":[{"href":"https:\/\/www.cityschool.pl\/index.php?rest_route=\/wp\/v2\/types\/page"}],"author":[{"embeddable":true,"href":"https:\/\/www.cityschool.pl\/index.php?rest_route=\/wp\/v2\/users\/1"}],"replies":[{"embeddable":true,"href":"https:\/\/www.cityschool.pl\/index.php?rest_route=%2Fwp%2Fv2%2Fcomments&post=2"}],"version-history":[{"count":63,"href":"https:\/\/www.cityschool.pl\/index.php?rest_route=\/wp\/v2\/pages\/2\/revisions"}],"predecessor-version":[{"id":122139,"href":"https:\/\/www.cityschool.pl\/index.php?rest_route=\/wp\/v2\/pages\/2\/revisions\/122139"}],"wp:featuredmedia":[{"embeddable":true,"href":"https:\/\/www.cityschool.pl\/index.php?rest_route=\/wp\/v2\/media\/6"}],"wp:attachment":[{"href":"https:\/\/www.cityschool.pl\/index.php?rest_route=%2Fwp%2Fv2%2Fmedia&parent=2"}],"curies":[{"name":"wp","href":"https:\/\/api.w.org\/{rel}","templated":true}]}}