{"id":153,"date":"2015-07-24T07:58:34","date_gmt":"2015-07-24T07:58:34","guid":{"rendered":"http:\/\/discordia.home.pl\/autoinstalator\/wordpress\/?page_id=153"},"modified":"2020-02-10T09:12:49","modified_gmt":"2020-02-10T08:12:49","slug":"czesc-umiejetnosci","status":"publish","type":"page","link":"https:\/\/www.cityschool.pl\/?page_id=153","title":{"rendered":"CZ\u0118\u00a6\u0106 UMIEJ\u0118TNO\u00a6CI"},"content":{"rendered":"<div id=\"pl-153\"  class=\"panel-layout\" >\n<div id=\"pg-153-0\"  class=\"panel-grid panel-no-style\" >\n<div id=\"pgc-153-0-0\"  class=\"panel-grid-cell\"  data-weight=\"1\" >\n<div id=\"panel-153-0-0-0\" class=\"so-panel widget widget_black-studio-tinymce widget_black_studio_tinymce panel-first-child panel-last-child\" data-index=\"0\" data-style=\"{&quot;background_display&quot;:&quot;tile&quot;}\" >\n<div class=\"textwidget\">\n<p><img loading=\"lazy\" decoding=\"async\" class=\"alignright wp-image-682\" src=\"http:\/\/www.cityschool.pl\/wp-content\/uploads\/2015\/07\/zarowka.jpg\" alt=\"zarowka\" width=\"120\" height=\"120\" srcset=\"https:\/\/www.cityschool.pl\/wp-content\/uploads\/2015\/07\/zarowka.jpg 160w, https:\/\/www.cityschool.pl\/wp-content\/uploads\/2015\/07\/zarowka-150x150.jpg 150w\" sizes=\"auto, (max-width: 120px) 100vw, 120px\" \/><br \/>Sprawdzian umiej\u0119tno\u00b6ci ? sprawdza predyspozycje do rozwi\u00b1zywania problem\u00f3w oraz umiej\u0119tno\u00b6ci analizy i wykorzystania informacji. <br \/>Poni\u017cszy plan zaj\u0119\u0107 zosta\u0142 skonstruowany na podstawie do\u00b6wiadcze\u0144 wyniesionych z poprzednich egzamin\u00f3w.<\/p>\n<\/div>\n<\/div>\n<\/div>\n<\/div>\n<div id=\"pg-153-1\"  class=\"panel-grid panel-has-style\"  data-style=\"{&quot;row_css&quot;:&quot;background-color: #c9eef2;\\npadding-top: 15px;\\npadding-bottom: 10px;&quot;,&quot;background_display&quot;:&quot;tile&quot;}\" >\n<div class=\"panel-row-style panel-row-style-for-153-1\" >\n<div id=\"pgc-153-1-0\"  class=\"panel-grid-cell\"  data-weight=\"0.15016233766234\" >\n<div id=\"panel-153-1-0-0\" class=\"so-panel widget widget_black-studio-tinymce widget_black_studio_tinymce panel-first-child panel-last-child\" data-index=\"1\" data-style=\"{&quot;background_display&quot;:&quot;tile&quot;}\" >\n<div class=\"textwidget\">\n<h3><strong>Dzie\u0144 I<\/strong><\/h3>\n<p>8 godz. dydaktycznych<\/p>\n<p>\u00a0<\/p>\n<\/div>\n<\/div>\n<\/div>\n<div id=\"pgc-153-1-1\"  class=\"panel-grid-cell\"  data-weight=\"0.84983766233766\" >\n<div id=\"panel-153-1-1-0\" class=\"so-panel widget widget_black-studio-tinymce widget_black_studio_tinymce panel-first-child panel-last-child\" data-index=\"2\" data-style=\"{&quot;widget_css&quot;:&quot;border-left: 1px dashed #666; height: 150px;\\npadding-left: 25px;&quot;,&quot;background_display&quot;:&quot;tile&quot;}\" >\n<div class=\"panel-widget-style panel-widget-style-for-153-1-1-0\" >\n<div class=\"textwidget\">\n<h3><strong>Sylogizmy<\/strong><\/h3>\n<ul>\n<li>Rozwi\u00b1zywanie sylogizm\u00f3w z dwiema przes\u0142ankami metod\u00b1 diagram\u00f3w Venna<\/li>\n<li>Rozwi\u00b1zywanie sylogizm\u00f3w z dwiema przes\u0142ankami metod\u00b1 pi\u0119ciu warunk\u00f3w<\/li>\n<li>Kwadrat logiczny i jego zastosowanie<\/li>\n<li>Rozwi\u00b1zywanie entymemat\u00f3w sylogistycznych (dookre\u00b6lanie przes\u0142anek)<\/li>\n<\/ul>\n<p>\u00a0<\/p>\n<\/div>\n<\/div>\n<\/div>\n<\/div>\n<\/div>\n<\/div>\n<div id=\"pg-153-2\"  class=\"panel-grid panel-has-style\"  data-style=\"{&quot;row_css&quot;:&quot;background-color: #c9eef2;\\npadding-top: 15px;\\npadding-bottom: 10px;&quot;,&quot;background_display&quot;:&quot;tile&quot;}\" >\n<div class=\"panel-row-style panel-row-style-for-153-2\" >\n<div id=\"pgc-153-2-0\"  class=\"panel-grid-cell\"  data-weight=\"0.15016233766234\" >\n<div id=\"panel-153-2-0-0\" class=\"so-panel widget widget_black-studio-tinymce widget_black_studio_tinymce panel-first-child panel-last-child\" data-index=\"3\" data-style=\"{&quot;background_display&quot;:&quot;tile&quot;}\" >\n<div class=\"textwidget\">\n<h3><strong>Dzie\u0144 II<\/strong><\/h3>\n<p>8 godz. dydaktycznych<\/p>\n<p>\u00a0<\/p>\n<\/div>\n<\/div>\n<\/div>\n<div id=\"pgc-153-2-1\"  class=\"panel-grid-cell\"  data-weight=\"0.84983766233766\" >\n<div id=\"panel-153-2-1-0\" class=\"so-panel widget widget_black-studio-tinymce widget_black_studio_tinymce panel-first-child panel-last-child\" data-index=\"4\" data-style=\"{&quot;widget_css&quot;:&quot;border-left: 1px dashed #666; height: 150px;\\npadding-left: 25px;&quot;,&quot;background_display&quot;:&quot;tile&quot;}\" >\n<div class=\"panel-widget-style panel-widget-style-for-153-2-1-0\" >\n<div class=\"textwidget\">\n<h3><strong>Sylogizmy i relacje liczbowe<\/strong><\/h3>\n<ul>\n<li>Symbolika w zadaniach z relacji logicznych i matematycznych<\/li>\n<li>Kontekstowe zadania z relacji logicznych i matematycznych<\/li>\n<li>Rozwi\u00b1zywanie test\u00f3w sylogistycznych technik\u00b1 eliminacji odpowiedzi (z dwiema i trzema przes\u0142ankami)<\/li>\n<li>Rozwi\u00b1zywanie sylogizm\u00f3w metod\u00b1 przewidywania<\/li>\n<\/ul>\n<p>\u00a0<\/p>\n<\/div>\n<\/div>\n<\/div>\n<\/div>\n<\/div>\n<\/div>\n<div id=\"pg-153-3\"  class=\"panel-grid panel-has-style\"  data-style=\"{&quot;row_css&quot;:&quot;background-color: #c9eef2;\\npadding-top: 15px;\\npadding-bottom: 10px;&quot;,&quot;background_display&quot;:&quot;tile&quot;}\" >\n<div class=\"panel-row-style panel-row-style-for-153-3\" >\n<div id=\"pgc-153-3-0\"  class=\"panel-grid-cell\"  data-weight=\"0.15016233766234\" >\n<div id=\"panel-153-3-0-0\" class=\"so-panel widget widget_black-studio-tinymce widget_black_studio_tinymce panel-first-child panel-last-child\" data-index=\"5\" data-style=\"{&quot;background_display&quot;:&quot;tile&quot;}\" >\n<div class=\"textwidget\">\n<h3><strong>Dzie\u0144 III<\/strong><\/h3>\n<p>8 godz. dydaktycznych<\/p>\n<p>\u00a0<\/p>\n<\/div>\n<\/div>\n<\/div>\n<div id=\"pgc-153-3-1\"  class=\"panel-grid-cell\"  data-weight=\"0.84983766233766\" >\n<div id=\"panel-153-3-1-0\" class=\"so-panel widget widget_black-studio-tinymce widget_black_studio_tinymce panel-first-child panel-last-child\" data-index=\"6\" data-style=\"{&quot;widget_css&quot;:&quot;border-left: 1px dashed #666; height: 150px;\\npadding-left: 25px;&quot;,&quot;background_display&quot;:&quot;tile&quot;}\" >\n<div class=\"panel-widget-style panel-widget-style-for-153-3-1-0\" >\n<div class=\"textwidget\">\n<h3><strong>Sylogizmy, relacje na zbiorach i prawa logiczne<\/strong><\/h3>\n<ul>\n<li>Rozwi\u00b1zywanie tekstowych zada\u0144 logicznych wykorzystuj\u00b1cych sp\u00f3jniki prawdziwo\u00b6ciowe (alternatywa, koniunkcja, implikacja, r\u00f3wnowa\u017cno\u00b6\u0107)<\/li>\n<li>Prezentacja metody 0-1 oraz metody praw logicznych na przyk\u0142adzie zada\u0144 z logiki formalnej<\/li>\n<li>Rozwi\u00b1zywanie sylogizm\u00f3w na trzy przes\u0142anki w kontek\u00b6cie metod\u00b1 przewidywania<\/li>\n<li>Prezentacja i om\u00f3wienie zada\u0144 z logiki tetycznej*<\/li>\n<\/ul>\n<p>\u00a0<\/p>\n<\/div>\n<\/div>\n<\/div>\n<\/div>\n<\/div>\n<\/div>\n<div id=\"pg-153-4\"  class=\"panel-grid panel-has-style\"  data-style=\"{&quot;row_css&quot;:&quot;background-color: #c9eef2;\\npadding-top: 15px;\\npadding-bottom: 10px;&quot;,&quot;background_display&quot;:&quot;tile&quot;}\" >\n<div class=\"panel-row-style panel-row-style-for-153-4\" >\n<div id=\"pgc-153-4-0\"  class=\"panel-grid-cell\"  data-weight=\"0.15016233766234\" >\n<div id=\"panel-153-4-0-0\" class=\"so-panel widget widget_black-studio-tinymce widget_black_studio_tinymce panel-first-child panel-last-child\" data-index=\"7\" data-style=\"{&quot;background_display&quot;:&quot;tile&quot;}\" >\n<div class=\"textwidget\">\n<h3><strong>Dzie\u0144 IV<\/strong><\/h3>\n<p>8 godz. dydaktycznych<\/p>\n<p>\u00a0<\/p>\n<\/div>\n<\/div>\n<\/div>\n<div id=\"pgc-153-4-1\"  class=\"panel-grid-cell\"  data-weight=\"0.84983766233766\" >\n<div id=\"panel-153-4-1-0\" class=\"so-panel widget widget_black-studio-tinymce widget_black_studio_tinymce panel-first-child panel-last-child\" data-index=\"8\" data-style=\"{&quot;widget_css&quot;:&quot;border-left: 1px dashed #666; height: 180px;\\npadding-left: 25px;&quot;,&quot;background_display&quot;:&quot;tile&quot;}\" >\n<div class=\"panel-widget-style panel-widget-style-for-153-4-1-0\" >\n<div class=\"textwidget\">\n<h3><strong>Sylogizmy, relacje i prawa logiczne w kontek\u00b6cie<\/strong><\/h3>\n<ul>\n<li>Odczytywanie informacji z wykres\u00f3w, diagram\u00f3w, tabel<\/li>\n<li>Rozwi\u00b1zywanie sylogizm\u00f3w na trzy przes\u0142anki technikami \u0142\u00b1cz\u00b1cymi elementy metody 5 warunk\u00f3w, przewidywania i eliminacji<\/li>\n<li>Rozwi\u00b1zywanie i analiza zada\u0144 na relacje liczbowe z uwzgl\u0119dnieniem kontekstu<\/li>\n<li>Rozwi\u00b1zywanie i analiza zada\u0144 na relacje mi\u0119dzy zbiorami<\/li>\n<li>Rozwi\u00b1zywanie zada\u0144 z rachunku zda\u0144 technikami \u0142\u00b1cz\u00b1cymi elementy metody 0-1 i praw logicznych<\/li>\n<\/ul>\n<p>\u00a0<\/p>\n<\/div>\n<\/div>\n<\/div>\n<\/div>\n<\/div>\n<\/div>\n<div id=\"pg-153-5\"  class=\"panel-grid panel-has-style\"  data-style=\"{&quot;row_css&quot;:&quot;background-color: #c9eef2;\\npadding-top: 15px;\\npadding-bottom: 10px;\\nheight: 120px;&quot;,&quot;background_display&quot;:&quot;tile&quot;}\" >\n<div class=\"panel-row-style panel-row-style-for-153-5\" >\n<div id=\"pgc-153-5-0\"  class=\"panel-grid-cell\"  data-weight=\"0.15016233766234\" >\n<div id=\"panel-153-5-0-0\" class=\"so-panel widget widget_black-studio-tinymce widget_black_studio_tinymce panel-first-child panel-last-child\" data-index=\"9\" data-style=\"{&quot;background_image_attachment&quot;:false,&quot;background_display&quot;:&quot;tile&quot;}\" >\n<div class=\"textwidget\">\n<h3><strong>Dzie\u0144 V<\/strong><\/h3>\n<p>16 godz. dydaktycznych<\/p><\/div>\n<\/div>\n<\/div>\n<div id=\"pgc-153-5-1\"  class=\"panel-grid-cell\"  data-weight=\"0.84983766233766\" >\n<div id=\"panel-153-5-1-0\" class=\"so-panel widget widget_black-studio-tinymce widget_black_studio_tinymce panel-first-child panel-last-child\" data-index=\"10\" data-style=\"{&quot;widget_css&quot;:&quot;border-left: 1px dashed #666; height: 95px;\\npadding-left: 25px;&quot;,&quot;background_display&quot;:&quot;tile&quot;}\" >\n<div class=\"panel-widget-style panel-widget-style-for-153-5-1-0\" >\n<div class=\"textwidget\">\n<h3>Matryce Ravena<\/h3>\n<ul>\n<li>Tablice Ravena<\/li>\n<li>Analogie s\u0142owne<\/li>\n<\/ul>\n<p>\u00a0<\/p>\n<\/div>\n<\/div>\n<\/div>\n<\/div>\n<\/div>\n<\/div>\n<div id=\"pg-153-6\"  class=\"panel-grid panel-has-style\"  data-style=\"{&quot;row_css&quot;:&quot;border-radius: 20px;\\nbackground-color: #eeeeee;\\npadding-bottom: 20px;\\npadding-top: 15px;&quot;,&quot;background_display&quot;:&quot;tile&quot;}\" >\n<div class=\"panel-row-style panel-row-style-for-153-6\" >\n<div id=\"pgc-153-6-0\"  class=\"panel-grid-cell\"  data-weight=\"0.30005411255411\" >\n<div id=\"panel-153-6-0-0\" class=\"so-panel widget widget_black-studio-tinymce widget_black_studio_tinymce panel-first-child panel-last-child\" data-index=\"11\" data-style=\"{&quot;widget_css&quot;:&quot;margin: 0 10px 0 0 !important;&quot;,&quot;background_display&quot;:&quot;tile&quot;}\" >\n<div class=\"panel-widget-style panel-widget-style-for-153-6-0-0\" >\n<h3 class=\"widget-title\">PROWADZ\u02c7CY<\/h3>\n<div class=\"textwidget\">\n<h3><strong>JACEK TOMASZEWSKI<\/strong><\/h3>\n<p>Od 5 lat prowadzi kursy z zakresu przygotowania do egzaminu na urz\u0119dnika mianowanego (w cz\u0119\u00b6ci umiej\u0119tno\u00b6ci), szkolenia z zakresu matematycznych modeli wspomagaj\u00b1cych podejmowanie decyzji (My\u00b6lenie analityczne),<\/p>\n<p>Jego wiedza, do\u00b6wiadczenie oraz zaanga\u017cowanie s\u00b1 czynnikami, kt\u00f3re gwarantuj\u00b1 odpowiednie przygotowanie do egzaminu.<\/p>\n<\/div>\n<\/div>\n<\/div>\n<\/div>\n<div id=\"pgc-153-6-1\"  class=\"panel-grid-cell\"  data-weight=\"0.3495670995671\" >\n<div id=\"panel-153-6-1-0\" class=\"so-panel widget widget_black-studio-tinymce widget_black_studio_tinymce panel-first-child panel-last-child\" data-index=\"12\" data-style=\"{&quot;widget_css&quot;:&quot;margin-top: 43px;\\nborder-left: 1px dashed #000;\\npadding-left: 20px;\\nheight: 310px;&quot;,&quot;background_image_attachment&quot;:false,&quot;background_display&quot;:&quot;tile&quot;}\" >\n<div class=\"panel-widget-style panel-widget-style-for-153-6-1-0\" >\n<div class=\"textwidget\">\n<h3><strong>ANDRZEJ ST\u0118PNIK<br \/>\n<\/strong><\/h3>\n<div data-canvas-width=\"160.608\">\n<p>doktor filozofii, wyk\u0142adowca akademicki, trener z zakresu kompetencji poznawczych, emocjonalnych i spo\u0142ecznych, autor ponad 70 publikacji naukowych i ponad 40 referat\u00f3w na konferencjach naukowych; od kilku lat uczy logiki, zajmuje si\u0119 rozwijaniem umiej\u0119tno\u00b6ci efektywnego my\u00b6lenia; pom\u00f3g\u0142 wielu osobom w zdaniu egzaminu z umiej\u0119tno\u00b6ci i uzyskaniu status u urz\u0119dnika mianowanego.<\/p><\/div>\n<\/div>\n<\/div>\n<\/div>\n<\/div>\n<div id=\"pgc-153-6-2\"  class=\"panel-grid-cell\"  data-weight=\"0.35037878787879\" >\n<div id=\"panel-153-6-2-0\" class=\"so-panel widget widget_black-studio-tinymce widget_black_studio_tinymce panel-first-child panel-last-child\" data-index=\"13\" data-style=\"{&quot;widget_css&quot;:&quot;margin-top: 43px;\\nborder-left: 1px dashed #000;\\npadding-left: 20px;\\nheight: 310px;&quot;,&quot;background_display&quot;:&quot;tile&quot;}\" >\n<div class=\"panel-widget-style panel-widget-style-for-153-6-2-0\" >\n<div class=\"textwidget\">\n<p>AGNIESZKA MARCZAK\u00a0 &#8211; CHWAST Psycholog oraz Audytor. W zakresie zainteresowa\u0144 le\u017cy psychometria oraz psychoterapia. Do\u00b6wiadczenie w zakresie szkole\u0144 mi\u0119kkich oraz zarz\u00b1dzania zasobami ludzkimi. Po\u0142\u00b1czenie wykszta\u0142cenia psychologa oraz \u00b6cis\u0142ego umys\u0142u z do\u00b6wiadczeniem pedagogicznym gwarantuje konkretne przygotowanie z zakresu matryc Ravena oraz analogii.<\/p>\n<\/div>\n<\/div>\n<\/div>\n<\/div>\n<\/div>\n<\/div>\n<div id=\"pg-153-7\"  class=\"panel-grid panel-has-style\"  data-style=\"{&quot;row_css&quot;:&quot;border-radius: 20px;\\nbackground-color: #eeeeee;\\npadding-bottom: 20px;\\npadding-top: 15px;&quot;,&quot;background_display&quot;:&quot;tile&quot;}\" >\n<div class=\"panel-row-style panel-row-style-for-153-7\" >\n<div id=\"pgc-153-7-0\"  class=\"panel-grid-cell panel-grid-cell-empty\"  data-weight=\"0.30005411255411\" ><\/div>\n<div id=\"pgc-153-7-1\"  class=\"panel-grid-cell panel-grid-cell-empty panel-grid-cell-mobile-last\"  data-weight=\"0.3495670995671\" ><\/div>\n<div id=\"pgc-153-7-2\"  class=\"panel-grid-cell panel-grid-cell-empty\"  data-weight=\"0.35037878787879\" ><\/div>\n<\/div>\n<\/div>\n<\/div>\n","protected":false},"excerpt":{"rendered":"<p>Sprawdzian umiej\u0119tno\u00b6ci ? sprawdza predyspozycje do rozwi\u00b1zywania problem\u00f3w oraz umiej\u0119tno\u00b6ci analizy i wykorzystania informacji. Poni\u017cszy plan zaj\u0119\u0107 zosta\u0142 skonstruowany na podstawie do\u00b6wiadcze\u0144 wyniesionych z poprzednich egzamin\u00f3w. Dzie\u0144 I 8 godz. dydaktycznych \u00a0 Sylogizmy Rozwi\u00b1zywanie sylogizm\u00f3w z dwiema przes\u0142ankami metod\u00b1 diagram\u00f3w Venna Rozwi\u00b1zywanie sylogizm\u00f3w z dwiema przes\u0142ankami metod\u00b1 pi\u0119ciu warunk\u00f3w Kwadrat logiczny i jego zastosowanie Rozwi\u00b1zywanie [&hellip;]<\/p>\n","protected":false},"author":1,"featured_media":0,"parent":0,"menu_order":0,"comment_status":"closed","ping_status":"closed","template":"","meta":{"footnotes":""},"class_list":["post-153","page","type-page","status-publish","hentry"],"_links":{"self":[{"href":"https:\/\/www.cityschool.pl\/index.php?rest_route=\/wp\/v2\/pages\/153","targetHints":{"allow":["GET"]}}],"collection":[{"href":"https:\/\/www.cityschool.pl\/index.php?rest_route=\/wp\/v2\/pages"}],"about":[{"href":"https:\/\/www.cityschool.pl\/index.php?rest_route=\/wp\/v2\/types\/page"}],"author":[{"embeddable":true,"href":"https:\/\/www.cityschool.pl\/index.php?rest_route=\/wp\/v2\/users\/1"}],"replies":[{"embeddable":true,"href":"https:\/\/www.cityschool.pl\/index.php?rest_route=%2Fwp%2Fv2%2Fcomments&post=153"}],"version-history":[{"count":39,"href":"https:\/\/www.cityschool.pl\/index.php?rest_route=\/wp\/v2\/pages\/153\/revisions"}],"predecessor-version":[{"id":29158,"href":"https:\/\/www.cityschool.pl\/index.php?rest_route=\/wp\/v2\/pages\/153\/revisions\/29158"}],"wp:attachment":[{"href":"https:\/\/www.cityschool.pl\/index.php?rest_route=%2Fwp%2Fv2%2Fmedia&parent=153"}],"curies":[{"name":"wp","href":"https:\/\/api.w.org\/{rel}","templated":true}]}}