{"id":122103,"date":"2025-06-29T22:00:19","date_gmt":"2025-06-29T20:00:19","guid":{"rendered":"https:\/\/www.cityschool.pl\/?page_id=122103"},"modified":"2025-07-29T22:04:27","modified_gmt":"2025-07-29T20:04:27","slug":"mazowiecka-akcja-aktywizacja","status":"publish","type":"page","link":"https:\/\/www.cityschool.pl\/?page_id=122103","title":{"rendered":",,Mazowiecka Akcja Aktywizacja&#8221;"},"content":{"rendered":"\n<div class=\"wp-block-columns is-layout-flex wp-container-core-columns-is-layout-9d6595d7 wp-block-columns-is-layout-flex\">\n<div class=\"wp-block-column is-layout-flow wp-block-column-is-layout-flow\" style=\"flex-basis:100%\">\n<div data-wp-interactive=\"core\/file\" class=\"wp-block-file\"><object data-wp-bind--hidden=\"!state.hasPdfPreview\" hidden class=\"wp-block-file__embed\" data=\"https:\/\/www.cityschool.pl\/wp-content\/uploads\/2025\/07\/Plakat-A4_Mazowiecka-Akcja-Aktywizacja.pdf\" type=\"application\/pdf\" style=\"width:100%;height:600px\" aria-label=\"Osadzone z Plakat-A4_Mazowiecka-Akcja-Aktywizacja.\"><\/object><a id=\"wp-block-file--media-d4065fce-92a6-4def-aa73-7a2f71442af8\" href=\"https:\/\/www.cityschool.pl\/wp-content\/uploads\/2025\/07\/Plakat-A4_Mazowiecka-Akcja-Aktywizacja.pdf\">Plakat-A4_Mazowiecka-Akcja-Aktywizacja<\/a><\/div>\n\n\n\n<div style=\"height:40px\" aria-hidden=\"true\" class=\"wp-block-spacer\"><\/div>\n<\/div>\n<\/div>\n\n\n\n<h4><span style=\"background-color: #ccffff;\"><em>?Szczeg\u00f3\u0142owy informacje dotycz\u00b1ce projektu ?Mazowiecka Akcja Aktywizacja? znajduj\u00b1 si\u0119 stronie g\u0142\u00f3wnej projektu:&nbsp;<a style=\"background-color: #ccffff;\" href=\"http:\/\/www.mazowieckaakcjaaktywizacja.cityschool.pl\"><strong>www.mazowieckaakcjaaktywizacja.cityschool.pl<\/strong><\/a>?<\/em><\/span><\/h4>\n\n\n","protected":false},"excerpt":{"rendered":"<p>?Szczeg\u00f3\u0142owy informacje dotycz\u00b1ce projektu ?Mazowiecka Akcja Aktywizacja? znajduj\u00b1 si\u0119 stronie g\u0142\u00f3wnej projektu:&nbsp;www.mazowieckaakcjaaktywizacja.cityschool.pl?<\/p>\n","protected":false},"author":1,"featured_media":0,"parent":0,"menu_order":0,"comment_status":"closed","ping_status":"closed","template":"","meta":{"footnotes":""},"class_list":["post-122103","page","type-page","status-publish","hentry"],"_links":{"self":[{"href":"https:\/\/www.cityschool.pl\/index.php?rest_route=\/wp\/v2\/pages\/122103","targetHints":{"allow":["GET"]}}],"collection":[{"href":"https:\/\/www.cityschool.pl\/index.php?rest_route=\/wp\/v2\/pages"}],"about":[{"href":"https:\/\/www.cityschool.pl\/index.php?rest_route=\/wp\/v2\/types\/page"}],"author":[{"embeddable":true,"href":"https:\/\/www.cityschool.pl\/index.php?rest_route=\/wp\/v2\/users\/1"}],"replies":[{"embeddable":true,"href":"https:\/\/www.cityschool.pl\/index.php?rest_route=%2Fwp%2Fv2%2Fcomments&post=122103"}],"version-history":[{"count":6,"href":"https:\/\/www.cityschool.pl\/index.php?rest_route=\/wp\/v2\/pages\/122103\/revisions"}],"predecessor-version":[{"id":122114,"href":"https:\/\/www.cityschool.pl\/index.php?rest_route=\/wp\/v2\/pages\/122103\/revisions\/122114"}],"wp:attachment":[{"href":"https:\/\/www.cityschool.pl\/index.php?rest_route=%2Fwp%2Fv2%2Fmedia&parent=122103"}],"curies":[{"name":"wp","href":"https:\/\/api.w.org\/{rel}","templated":true}]}}