{"id":1189,"date":"2016-03-24T12:33:47","date_gmt":"2016-03-24T11:33:47","guid":{"rendered":"http:\/\/www.cityschool.pl\/?page_id=1189"},"modified":"2016-03-24T12:33:47","modified_gmt":"2016-03-24T11:33:47","slug":"sztuka-poprawnego-myslenia","status":"publish","type":"page","link":"https:\/\/www.cityschool.pl\/?page_id=1189","title":{"rendered":"Sztuka poprawnego my\u00b6lenia"},"content":{"rendered":"<p>(erystyka w przekazie medialnym, towarzyskim i zawodowym)<\/p>\n<p>Program zaj\u0119\u0107 (4 dni)<br \/>\n?\tLogiczna analiza wypowiedzi<br \/>\n?\tArgumenty a kontekst wypowiedzi ? rzecz o wzgl\u0119dno\u00b6ci warto\u00b6ci s\u0142owa<br \/>\n?\tPoprawne i niepoprawne schematy rozumowania<br \/>\n?\t?Przyjacielem Platon, czy prawda? ? dylematy etyczne<br \/>\n?\tErystyka ? rozmowa i be\u0142kot logiczny<br \/>\n?\tTechniki wzmacniaj\u00b1ce przekaz werbalny<br \/>\n?\tManipulacja a perswazja ? co autor mia\u0142 naprawd\u0119 na my\u00b6li?<br \/>\n?\tMy\u00b6lenie \u0142amig\u0142\u00f3wkowe ? stw\u00f3rzmy sobie problem, kt\u00f3ry bohatersko przezwyci\u0119\u017cymy, czyli istota racjonalno\u00b6ci<br \/>\n?\tModelowanie problemu i intuicja jako naturalne przeciwcia\u0142a uk\u0142adu podejmowania decyzji<br \/>\n?\tTesty IQ ? prze\u017cytek czy woda na m\u0142yn w dobie nat\u0142oku informacji? <\/p>\n<p>Cel<br \/>\n?\tRozw\u00f3j umiej\u0119tno\u00b6ci prowadzenia merytorycznych dyskusji<br \/>\n?\tUmiej\u0119tno\u00b6\u0107 dostrzegania i diagnozowania technik erystycznych<br \/>\n?\tUmiej\u0119tno\u00b6\u0107 formu\u0142owania logicznie poprawnych wypowiedzi<br \/>\n?\tUmiej\u0119tno\u00b6\u0107 identyfikacji \u013dr\u00f3de\u0142 konfliktu werbalnego i podejmowania odpowiednich \u00b6rodk\u00f3w zaradczych<br \/>\n?\tPog\u0142\u0119bienie zdolno\u00b6ci udaremniania i odpierania technik manipulacyjnych<br \/>\n?\tNabycie przekonania o mo\u017cliwo\u00b6ci prze\u0142amania muru erystycznego metodami racjonalnymi i etycznymi zarazem<\/p>\n<p>Forma zaj\u0119\u0107<br \/>\n?\tminiwyk\u0142ady<br \/>\n?\t\u0106wiczenia grupowe<br \/>\n?\tDyskusje panelowe<br \/>\n?\tOdgrywanie scenek<br \/>\n?\t\u0106wiczenia teatralne<br \/>\n?\tAnaliza casestudy<\/p>\n","protected":false},"excerpt":{"rendered":"<p>(erystyka w przekazie medialnym, towarzyskim i zawodowym) Program zaj\u0119\u0107 (4 dni) ? Logiczna analiza wypowiedzi ? Argumenty a kontekst wypowiedzi ? rzecz o wzgl\u0119dno\u00b6ci warto\u00b6ci s\u0142owa ? Poprawne i niepoprawne schematy rozumowania ? ?Przyjacielem Platon, czy prawda? ? dylematy etyczne ? Erystyka ? rozmowa i be\u0142kot logiczny ? Techniki wzmacniaj\u00b1ce przekaz werbalny ? Manipulacja a [&hellip;]<\/p>\n","protected":false},"author":1,"featured_media":0,"parent":0,"menu_order":0,"comment_status":"closed","ping_status":"closed","template":"","meta":{"footnotes":""},"class_list":["post-1189","page","type-page","status-publish","hentry"],"_links":{"self":[{"href":"https:\/\/www.cityschool.pl\/index.php?rest_route=\/wp\/v2\/pages\/1189","targetHints":{"allow":["GET"]}}],"collection":[{"href":"https:\/\/www.cityschool.pl\/index.php?rest_route=\/wp\/v2\/pages"}],"about":[{"href":"https:\/\/www.cityschool.pl\/index.php?rest_route=\/wp\/v2\/types\/page"}],"author":[{"embeddable":true,"href":"https:\/\/www.cityschool.pl\/index.php?rest_route=\/wp\/v2\/users\/1"}],"replies":[{"embeddable":true,"href":"https:\/\/www.cityschool.pl\/index.php?rest_route=%2Fwp%2Fv2%2Fcomments&post=1189"}],"version-history":[{"count":1,"href":"https:\/\/www.cityschool.pl\/index.php?rest_route=\/wp\/v2\/pages\/1189\/revisions"}],"predecessor-version":[{"id":1190,"href":"https:\/\/www.cityschool.pl\/index.php?rest_route=\/wp\/v2\/pages\/1189\/revisions\/1190"}],"wp:attachment":[{"href":"https:\/\/www.cityschool.pl\/index.php?rest_route=%2Fwp%2Fv2%2Fmedia&parent=1189"}],"curies":[{"name":"wp","href":"https:\/\/api.w.org\/{rel}","templated":true}]}}